{"id":23,"date":"2013-03-22T12:52:59","date_gmt":"2013-03-22T12:52:59","guid":{"rendered":"https:\/\/blog.ocasionplus.com\/?page_id=23"},"modified":"2024-07-10T22:21:58","modified_gmt":"2024-07-10T22:21:58","slug":"sobre-nosotros","status":"publish","type":"page","link":"https:\/\/www.ocasionplus.com\/noticias\/sobre-nosotros\/","title":{"rendered":"Con\u00f3cenos"},"content":{"rendered":"<div class=\"wpb-content-wrapper\"><p>[vc_row][vc_column][vc_column_text css=&#8221;&#8221;]<strong>Ocasi\u00f3nPlus<\/strong> es un\u00a0<a href=\"https:\/\/www.ocasionplus.com\/ofertas_especiales\"><strong>concesionario de compra y venta de coches ocasi\u00f3n<\/strong><\/a>\u00a0y coches de segunda mano ubicado en la ciudad de Madrid. Somos un concesionario l\u00edder en el mercado del motor\u00a0<strong>con m\u00e1s de 3.500 m<sup>2<\/sup>\u00a0de exposici\u00f3n<\/strong>, donde podr\u00e1s ver la mejor oferta de <strong>coches usados y coches seminuevos<\/strong> con precios realmente competitivos. Tambi\u00e9n nos dedicamos a la <strong>compra de coches de ocasi\u00f3n<\/strong>, servicio que a d\u00eda de hoy nos caracteriza como uno de los concesionarios l\u00edderes en el sector y que ofrece a sus clientes un gran abanico de posibilidades de coches certificados.<\/p>\n<p><strong>Te ayudamos a financiar tu coche de ocasi\u00f3n<\/strong>. Tambi\u00e9n contamos con una avanzada plataforma online donde podr\u00e1s <strong>tasar tu coche online<\/strong>, <strong>vender tu coche<\/strong> por internet y <strong>ver el cat\u00e1logo de coches<\/strong> que tenemos actualmente en nuestro concesionario.[\/vc_column_text][\/vc_column][\/vc_row][vc_row css=&#8221;.vc_custom_1720649902818{margin-top: 42px !important;margin-bottom: 32px !important;}&#8221;][vc_column][vc_custom_heading text=&#8221;Conoce todas la ventajas de comprar coche de ocasi\u00f3n en Ocasi\u00f3nPlus&#8221; font_container=&#8221;tag:h3|text_align:center&#8221; use_theme_fonts=&#8221;yes&#8221; css=&#8221;&#8221; el_class=&#8221;heading-ventajas&#8221;][\/vc_column][\/vc_row][vc_row][vc_column width=&#8221;1\/2&#8243;][vc_cta h2=&#8221;Compra de coches en buen estado \/ seminuevos&#8221; add_icon=&#8221;top&#8221; i_icon_fontawesome=&#8221;stm-icon-shopping-cart-1&#8243; i_color=&#8221;black&#8221; css=&#8221;&#8221; i_on_border=&#8221;true&#8221;][\/vc_cta][vc_cta h2=&#8221;Vender tu coche online&#8221; add_icon=&#8221;top&#8221; i_icon_fontawesome=&#8221;stm-icon-car_sale&#8221; i_color=&#8221;black&#8221; css=&#8221;&#8221; i_on_border=&#8221;true&#8221;]En OcasionPlus tambien puedes vender tu coche de segunda mano.[\/vc_cta][vc_cta h2=&#8221;Tasaci\u00f3n online de coches de segunda mano&#8221; add_icon=&#8221;top&#8221; i_icon_fontawesome=&#8221;far fa-handshake&#8221; i_color=&#8221;black&#8221; css=&#8221;&#8221; i_on_border=&#8221;true&#8221;][\/vc_cta][vc_cta h2=&#8221;Plataforma online&#8221; add_icon=&#8221;top&#8221; i_icon_fontawesome=&#8221;fas fa-exchange-alt&#8221; i_color=&#8221;black&#8221; css=&#8221;&#8221; i_on_border=&#8221;true&#8221;]para comprar el coche que meior se giuste a tus necesidades o expectativas.[\/vc_cta][vc_cta h2=&#8221;Garantia europea de 12 a 36 meses&#8221; add_icon=&#8221;top&#8221; i_icon_fontawesome=&#8221;far fa-life-ring&#8221; i_color=&#8221;black&#8221; css=&#8221;&#8221; i_on_border=&#8221;true&#8221;]que podr\u00e1s hacer efectiva en los concesionarios oficiales de las marcas correspondientes.[\/vc_cta][\/vc_column][vc_column width=&#8221;1\/2&#8243;][vc_cta h2=&#8221;Recogida de coches gratuitos a toda la peninsula&#8221; add_icon=&#8221;top&#8221; i_icon_fontawesome=&#8221;stm-icon-road&#8221; i_color=&#8221;black&#8221; css=&#8221;&#8221; i_on_border=&#8221;true&#8221;]que podr\u00e1s hacer efectiva en los concesionarios oficiales de las marcas correspondientes.[\/vc_cta][vc_cta h2=&#8221;Entrega a domicilio de los coches vendidos&#8221; add_icon=&#8221;top&#8221; i_icon_fontawesome=&#8221;fas fa-truck&#8221; i_color=&#8221;black&#8221; css=&#8221;&#8221; i_on_border=&#8221;true&#8221;][\/vc_cta][vc_cta h2=&#8221;Posibilidad de certificaci\u00f3n externa&#8221; add_icon=&#8221;top&#8221; i_icon_fontawesome=&#8221;stm-rental-thumbs_rent&#8221; i_color=&#8221;black&#8221; css=&#8221;&#8221; i_on_border=&#8221;true&#8221;]de cualquiera de nuestros veh\u00edculos.[\/vc_cta][vc_cta h2=&#8221;Venta de todo tipo de veh\u00edculos&#8221; add_icon=&#8221;top&#8221; i_icon_fontawesome=&#8221;stm-icon-car&#8221; i_color=&#8221;black&#8221; css=&#8221;&#8221; i_on_border=&#8221;true&#8221;]monovolumenes, fodoterrenos, berlinas, utilitarios, cabrios, coup\u00e9s, furgonetas, etc.[\/vc_cta][vc_cta h2=&#8221;Te damos el certificado de kil\u00f3metros originales del coche&#8221; add_icon=&#8221;top&#8221; i_icon_fontawesome=&#8221;stm-icon-label&#8221; i_color=&#8221;black&#8221; css=&#8221;&#8221; i_on_border=&#8221;true&#8221;][\/vc_cta][\/vc_column][\/vc_row]<\/p>\n<\/div>","protected":false},"excerpt":{"rendered":"<p>[vc_row][vc_column][vc_column_text css=&#8221;&#8221;]Ocasi\u00f3nPlus es un\u00a0concesionario de compra y venta de coches ocasi\u00f3n\u00a0y coches de segunda mano ubicado en la ciudad de Madrid. Somos un concesionario l\u00edder en el mercado del motor\u00a0con m\u00e1s de 3.500 m2\u00a0de exposici\u00f3n, donde podr\u00e1s ver la mejor oferta de coches usados y coches seminuevos con precios realmente competitivos. Tambi\u00e9n nos dedicamos a&#8230;<\/p>\n","protected":false},"author":2,"featured_media":12438,"parent":0,"menu_order":0,"comment_status":"open","ping_status":"open","template":"","meta":{"footnotes":""},"class_list":["post-23","page","type-page","status-publish","has-post-thumbnail","hentry"],"yoast_head":"<!-- This site is optimized with the Yoast SEO Premium plugin v24.8 (Yoast SEO v24.8.1) - https:\/\/yoast.com\/wordpress\/plugins\/seo\/ -->\n<title>Concesionario de compra y venta de coches ocasi\u00f3n<\/title>\n<meta name=\"description\" content=\"OcasionPlus es un concesionario de compra y venta de coches ocasi\u00f3n o coches de segunda mano ubicado en la ciudad de Madrid.\" \/>\n<meta name=\"robots\" content=\"index, follow, max-snippet:-1, max-image-preview:large, max-video-preview:-1\" \/>\n<link rel=\"canonical\" href=\"https:\/\/www.ocasionplus.com\/noticias\/sobre-nosotros\/\" \/>\n<meta property=\"og:locale\" content=\"es_ES\" \/>\n<meta property=\"og:type\" content=\"article\" \/>\n<meta property=\"og:title\" content=\"Con\u00f3cenos\" \/>\n<meta property=\"og:description\" content=\"OcasionPlus es un concesionario de compra y venta de coches ocasi\u00f3n o coches de segunda mano ubicado en la ciudad de Madrid.\" \/>\n<meta property=\"og:url\" content=\"https:\/\/www.ocasionplus.com\/noticias\/sobre-nosotros\/\" \/>\n<meta property=\"og:site_name\" content=\"OcasionPlus Blog\" \/>\n<meta property=\"article:publisher\" content=\"https:\/\/www.facebook.com\/ocasionplus\" \/>\n<meta property=\"article:modified_time\" content=\"2024-07-10T22:21:58+00:00\" \/>\n<meta property=\"og:image\" content=\"https:\/\/www.ocasionplus.com\/wp-content\/uploads\/2024\/07\/vender-coche.jpg\" \/>\n\t<meta property=\"og:image:width\" content=\"1280\" \/>\n\t<meta property=\"og:image:height\" content=\"853\" \/>\n\t<meta property=\"og:image:type\" content=\"image\/jpeg\" \/>\n<meta name=\"twitter:card\" content=\"summary_large_image\" \/>\n<meta name=\"twitter:site\" content=\"@ocasionplus\" \/>\n<meta name=\"twitter:label1\" content=\"Tiempo de lectura\" \/>\n\t<meta name=\"twitter:data1\" content=\"2 minutos\" \/>\n<script type=\"application\/ld+json\" class=\"yoast-schema-graph\">{\"@context\":\"https:\/\/schema.org\",\"@graph\":[{\"@type\":\"WebPage\",\"@id\":\"https:\/\/www.ocasionplus.com\/noticias\/sobre-nosotros\/\",\"url\":\"https:\/\/www.ocasionplus.com\/noticias\/sobre-nosotros\/\",\"name\":\"Concesionario de compra y venta de coches ocasi\u00f3n\",\"isPartOf\":{\"@id\":\"https:\/\/www.ocasionplus.com\/noticias\/#website\"},\"primaryImageOfPage\":{\"@id\":\"https:\/\/www.ocasionplus.com\/noticias\/sobre-nosotros\/#primaryimage\"},\"image\":{\"@id\":\"https:\/\/www.ocasionplus.com\/noticias\/sobre-nosotros\/#primaryimage\"},\"thumbnailUrl\":\"https:\/\/www.ocasionplus.com\/wp-content\/uploads\/2024\/07\/vender-coche.jpg\",\"datePublished\":\"2013-03-22T12:52:59+00:00\",\"dateModified\":\"2024-07-10T22:21:58+00:00\",\"description\":\"OcasionPlus es un concesionario de compra y venta de coches ocasi\u00f3n o coches de segunda mano ubicado en la ciudad de Madrid.\",\"breadcrumb\":{\"@id\":\"https:\/\/www.ocasionplus.com\/noticias\/sobre-nosotros\/#breadcrumb\"},\"inLanguage\":\"es\",\"potentialAction\":[{\"@type\":\"ReadAction\",\"target\":[\"https:\/\/www.ocasionplus.com\/noticias\/sobre-nosotros\/\"]}]},{\"@type\":\"ImageObject\",\"inLanguage\":\"es\",\"@id\":\"https:\/\/www.ocasionplus.com\/noticias\/sobre-nosotros\/#primaryimage\",\"url\":\"https:\/\/www.ocasionplus.com\/wp-content\/uploads\/2024\/07\/vender-coche.jpg\",\"contentUrl\":\"https:\/\/www.ocasionplus.com\/wp-content\/uploads\/2024\/07\/vender-coche.jpg\",\"width\":1280,\"height\":853,\"caption\":\"En OcasionPlus existen tres formas diferentes de conocer el precio de tu coche: online, en un centro o por WhatsApp\"},{\"@type\":\"BreadcrumbList\",\"@id\":\"https:\/\/www.ocasionplus.com\/noticias\/sobre-nosotros\/#breadcrumb\",\"itemListElement\":[{\"@type\":\"ListItem\",\"position\":1,\"name\":\"Portada\",\"item\":\"https:\/\/www.ocasionplus.com\/noticias\/\"},{\"@type\":\"ListItem\",\"position\":2,\"name\":\"Con\u00f3cenos\"}]},{\"@type\":\"WebSite\",\"@id\":\"https:\/\/www.ocasionplus.com\/noticias\/#website\",\"url\":\"https:\/\/www.ocasionplus.com\/noticias\/\",\"name\":\"OcasionPlus Blog\",\"description\":\"Veh\u00edculos de ocasi\u00f3n\",\"publisher\":{\"@id\":\"https:\/\/www.ocasionplus.com\/noticias\/#organization\"},\"potentialAction\":[{\"@type\":\"SearchAction\",\"target\":{\"@type\":\"EntryPoint\",\"urlTemplate\":\"https:\/\/www.ocasionplus.com\/noticias\/?s={search_term_string}\"},\"query-input\":{\"@type\":\"PropertyValueSpecification\",\"valueRequired\":true,\"valueName\":\"search_term_string\"}}],\"inLanguage\":\"es\"},{\"@type\":\"Organization\",\"@id\":\"https:\/\/www.ocasionplus.com\/noticias\/#organization\",\"name\":\"OcasionPlus\",\"url\":\"https:\/\/www.ocasionplus.com\/noticias\/\",\"logo\":{\"@type\":\"ImageObject\",\"inLanguage\":\"es\",\"@id\":\"https:\/\/www.ocasionplus.com\/noticias\/#\/schema\/logo\/image\/\",\"url\":\"https:\/\/www.ocasionplus.com\/wp-content\/uploads\/2024\/05\/cropped-cropped-oplus-logo-blog.png\",\"contentUrl\":\"https:\/\/www.ocasionplus.com\/wp-content\/uploads\/2024\/05\/cropped-cropped-oplus-logo-blog.png\",\"width\":360,\"height\":71,\"caption\":\"OcasionPlus\"},\"image\":{\"@id\":\"https:\/\/www.ocasionplus.com\/noticias\/#\/schema\/logo\/image\/\"},\"sameAs\":[\"https:\/\/www.facebook.com\/ocasionplus\",\"https:\/\/x.com\/ocasionplus\",\"https:\/\/www.instagram.com\/ocasion_plus\",\"https:\/\/www.youtube.com\/channel\/UCBiCAto61Lyu27CgI95wrYQ\",\"https:\/\/www.tiktok.com\/@ocasionplus.com\",\"https:\/\/es.linkedin.com\/company\/ocasionplus\"]}]}<\/script>\n<!-- \/ Yoast SEO Premium plugin. -->","yoast_head_json":{"title":"Concesionario de compra y venta de coches ocasi\u00f3n","description":"OcasionPlus es un concesionario de compra y venta de coches ocasi\u00f3n o coches de segunda mano ubicado en la ciudad de Madrid.","robots":{"index":"index","follow":"follow","max-snippet":"max-snippet:-1","max-image-preview":"max-image-preview:large","max-video-preview":"max-video-preview:-1"},"canonical":"https:\/\/www.ocasionplus.com\/noticias\/sobre-nosotros\/","og_locale":"es_ES","og_type":"article","og_title":"Con\u00f3cenos","og_description":"OcasionPlus es un concesionario de compra y venta de coches ocasi\u00f3n o coches de segunda mano ubicado en la ciudad de Madrid.","og_url":"https:\/\/www.ocasionplus.com\/noticias\/sobre-nosotros\/","og_site_name":"OcasionPlus Blog","article_publisher":"https:\/\/www.facebook.com\/ocasionplus","article_modified_time":"2024-07-10T22:21:58+00:00","og_image":[{"width":1280,"height":853,"url":"https:\/\/www.ocasionplus.com\/wp-content\/uploads\/2024\/07\/vender-coche.jpg","type":"image\/jpeg"}],"twitter_card":"summary_large_image","twitter_site":"@ocasionplus","twitter_misc":{"Tiempo de lectura":"2 minutos"},"schema":{"@context":"https:\/\/schema.org","@graph":[{"@type":"WebPage","@id":"https:\/\/www.ocasionplus.com\/noticias\/sobre-nosotros\/","url":"https:\/\/www.ocasionplus.com\/noticias\/sobre-nosotros\/","name":"Concesionario de compra y venta de coches ocasi\u00f3n","isPartOf":{"@id":"https:\/\/www.ocasionplus.com\/noticias\/#website"},"primaryImageOfPage":{"@id":"https:\/\/www.ocasionplus.com\/noticias\/sobre-nosotros\/#primaryimage"},"image":{"@id":"https:\/\/www.ocasionplus.com\/noticias\/sobre-nosotros\/#primaryimage"},"thumbnailUrl":"https:\/\/www.ocasionplus.com\/wp-content\/uploads\/2024\/07\/vender-coche.jpg","datePublished":"2013-03-22T12:52:59+00:00","dateModified":"2024-07-10T22:21:58+00:00","description":"OcasionPlus es un concesionario de compra y venta de coches ocasi\u00f3n o coches de segunda mano ubicado en la ciudad de Madrid.","breadcrumb":{"@id":"https:\/\/www.ocasionplus.com\/noticias\/sobre-nosotros\/#breadcrumb"},"inLanguage":"es","potentialAction":[{"@type":"ReadAction","target":["https:\/\/www.ocasionplus.com\/noticias\/sobre-nosotros\/"]}]},{"@type":"ImageObject","inLanguage":"es","@id":"https:\/\/www.ocasionplus.com\/noticias\/sobre-nosotros\/#primaryimage","url":"https:\/\/www.ocasionplus.com\/wp-content\/uploads\/2024\/07\/vender-coche.jpg","contentUrl":"https:\/\/www.ocasionplus.com\/wp-content\/uploads\/2024\/07\/vender-coche.jpg","width":1280,"height":853,"caption":"En OcasionPlus existen tres formas diferentes de conocer el precio de tu coche: online, en un centro o por WhatsApp"},{"@type":"BreadcrumbList","@id":"https:\/\/www.ocasionplus.com\/noticias\/sobre-nosotros\/#breadcrumb","itemListElement":[{"@type":"ListItem","position":1,"name":"Portada","item":"https:\/\/www.ocasionplus.com\/noticias\/"},{"@type":"ListItem","position":2,"name":"Con\u00f3cenos"}]},{"@type":"WebSite","@id":"https:\/\/www.ocasionplus.com\/noticias\/#website","url":"https:\/\/www.ocasionplus.com\/noticias\/","name":"OcasionPlus Blog","description":"Veh\u00edculos de ocasi\u00f3n","publisher":{"@id":"https:\/\/www.ocasionplus.com\/noticias\/#organization"},"potentialAction":[{"@type":"SearchAction","target":{"@type":"EntryPoint","urlTemplate":"https:\/\/www.ocasionplus.com\/noticias\/?s={search_term_string}"},"query-input":{"@type":"PropertyValueSpecification","valueRequired":true,"valueName":"search_term_string"}}],"inLanguage":"es"},{"@type":"Organization","@id":"https:\/\/www.ocasionplus.com\/noticias\/#organization","name":"OcasionPlus","url":"https:\/\/www.ocasionplus.com\/noticias\/","logo":{"@type":"ImageObject","inLanguage":"es","@id":"https:\/\/www.ocasionplus.com\/noticias\/#\/schema\/logo\/image\/","url":"https:\/\/www.ocasionplus.com\/wp-content\/uploads\/2024\/05\/cropped-cropped-oplus-logo-blog.png","contentUrl":"https:\/\/www.ocasionplus.com\/wp-content\/uploads\/2024\/05\/cropped-cropped-oplus-logo-blog.png","width":360,"height":71,"caption":"OcasionPlus"},"image":{"@id":"https:\/\/www.ocasionplus.com\/noticias\/#\/schema\/logo\/image\/"},"sameAs":["https:\/\/www.facebook.com\/ocasionplus","https:\/\/x.com\/ocasionplus","https:\/\/www.instagram.com\/ocasion_plus","https:\/\/www.youtube.com\/channel\/UCBiCAto61Lyu27CgI95wrYQ","https:\/\/www.tiktok.com\/@ocasionplus.com","https:\/\/es.linkedin.com\/company\/ocasionplus"]}]}},"_links":{"self":[{"href":"https:\/\/www.ocasionplus.com\/noticias\/wp-json\/wp\/v2\/pages\/23","targetHints":{"allow":["GET"]}}],"collection":[{"href":"https:\/\/www.ocasionplus.com\/noticias\/wp-json\/wp\/v2\/pages"}],"about":[{"href":"https:\/\/www.ocasionplus.com\/noticias\/wp-json\/wp\/v2\/types\/page"}],"author":[{"embeddable":true,"href":"https:\/\/www.ocasionplus.com\/noticias\/wp-json\/wp\/v2\/users\/2"}],"replies":[{"embeddable":true,"href":"https:\/\/www.ocasionplus.com\/noticias\/wp-json\/wp\/v2\/comments?post=23"}],"version-history":[{"count":14,"href":"https:\/\/www.ocasionplus.com\/noticias\/wp-json\/wp\/v2\/pages\/23\/revisions"}],"predecessor-version":[{"id":12846,"href":"https:\/\/www.ocasionplus.com\/noticias\/wp-json\/wp\/v2\/pages\/23\/revisions\/12846"}],"wp:featuredmedia":[{"embeddable":true,"href":"https:\/\/www.ocasionplus.com\/noticias\/wp-json\/wp\/v2\/media\/12438"}],"wp:attachment":[{"href":"https:\/\/www.ocasionplus.com\/noticias\/wp-json\/wp\/v2\/media?parent=23"}],"curies":[{"name":"wp","href":"https:\/\/api.w.org\/{rel}","templated":true}]}}