{"id":2636,"date":"2025-06-10T10:34:46","date_gmt":"2025-06-10T08:34:46","guid":{"rendered":"http:\/\/motors-demo.loc\/?page_id=2"},"modified":"2025-06-10T11:17:42","modified_gmt":"2025-06-10T09:17:42","slug":"home","status":"publish","type":"page","link":"https:\/\/www.ocasionplus.com\/noticias\/","title":{"rendered":"Home Page"},"content":{"rendered":"<div class=\"wpb-content-wrapper\"><p>[vc_row css=&#8221;.vc_custom_1719525256403{margin-top: 24px !important;margin-bottom: 48px !important;}&#8221;][vc_column][stm_features_posts features_title=&#8221;NOTICIAS DESTACADAS&#8221; posts_per_page=&#8221;7&#8243;][\/stm_features_posts][\/vc_column][\/vc_row][vc_row css=&#8221;.vc_custom_1720514505843{margin-top: 27px !important;margin-bottom: 30px !important;}&#8221;][vc_column width=&#8221;8\/12&#8243;][vc_basic_grid post_type=&#8221;post&#8221; max_items=&#8221;100&#8243; style=&#8221;pagination&#8221; items_per_page=&#8221;7&#8243; show_filter=&#8221;yes&#8221; element_width=&#8221;12&#8243; filter_style=&#8221;default-less-rounded&#8221; filter_default_title=&#8221;Todas las noticias&#8221; filter_align=&#8221;left&#8221; filter_color=&#8221;orange&#8221; paging_design=&#8221;pagination_rounded&#8221; paging_color=&#8221;black&#8221; autoplay=&#8221;0&#8243; item=&#8221;11536&#8243; css=&#8221;&#8221; grid_id=&#8221;vc_gid:1749546874688-f90ec4b8-5c7c-1&#8243; filter_source=&#8221;category&#8221; exclude_filter=&#8221;4, 5, 6, 7, 8, 10, 11, 13, 1, 2, 3, 369, 368&#8243; el_class=&#8221;postcards-noticias-home&#8221;][\/vc_column][vc_column width=&#8221;4\/12&#8243;][vc_wp_search el_class=&#8221;widget-buscador&#8221;][vc_single_image image=&#8221;15740&#8243; img_size=&#8221;full&#8221; alignment=&#8221;center&#8221; onclick=&#8221;custom_link&#8221; img_link_target=&#8221;_blank&#8221; css=&#8221;&#8221; link=&#8221;https:\/\/www.ocasionplus.com\/coches-segunda-mano\/&#8221; el_class=&#8221;banner-right-side&#8221;][vc_raw_html css=&#8221;&#8221;]JTNDZGl2JTIwY2xhc3MlM0QlMjJjb250ZW5lZG9yLWNlbnRyYWRvJTIwZXhjbHVzaXZvLWZvb3RlciUyMiUzRSUwQSUyMCUyMCUyMCUyMCUzQ2ltZyUyMHNyYyUzRCUyMmh0dHBzJTNBJTJGJTJGb2Nhc2lvbnBsdXMtZGV2LmdydXBvb2Nhc2lvbnBsdXMuY29tJTJGd3AtY29udGVudCUyRnVwbG9hZHMlMkYyMDI0JTJGMDYlMkZPUC1sb2dvLXNxdWFyZWQuanBnJTIyJTIwJTBBJTIwJTIwJTIwJTIwJTIwJTIwJTIwJTIwJTIwYWx0JTNEJTIyTG9nbyUyME9jYXNpb24lMjBQbHVzJTIwRm9vdGVyJTIyJTIwd2lkdGglM0QlMjIxMDBweCUyMiUyMGNsYXNzJTNEJTIybG9nby1vcCUyMiUzRSUwQSUyMCUyMCUyMCUyMCUwQSUyMCUyMCUyMCUyMCUzQ3AlMjBjbGFzcyUzRCUyMnRleHRvLWZvb3RlciUyMiUzRSUwQSUyMCUyMCUyMCUyMCUyMCUyMCUyMCUyME9jYXNpb25QbHVzJTIwZXMlMjBsYSUyMGVtcHJlc2ElMjBsJUMzJUFEZGVyJTIwZW4lMjBFc3BhJUMzJUIxYSUyMGVuJTIwbGElMjBjb21wcmElMjB5JTIwdmVudGElMjBkZSUyMGNvY2hlcyUyMGRlJTIwc2VndW5kYSUyMG1hbm8lMkMlMjBzZW1pbnVldm9zJTIweSUyMGttJTIwMCUyQyUyMCUwQSUyMCUyMCUyMCUyMCUyMCUyMCUyMCUyMGNvbiUyMHN1cyUyMDEwMCUyMGNvbmNlc2lvbmFyaW9zJTIweSUyMHN1cyUyMG0lQzMlQTFzJTIwZGUlMjAxMi4wMDAlMjB2ZWglQzMlQURjdWxvcyUyMGVuJTIwb2ZlcnRhLiUwQSUyMCUyMCUyMCUyMCUzQyUyRnAlM0UlMEElMEElMjAlMjAlMjAlMjAlM0NidXR0b24lMjBocmVmJTNEJTIyaHR0cHMlM0ElMkYlMkZ3d3cub2Nhc2lvbnBsdXMuY29tJTJGY29jaGVzLXNlZ3VuZGEtbWFubyUyMiUyMGNsYXNzJTNEJTIyY29tcHJhci1jb2NoZS1idXR0b24lMjIlM0VDb21wcmFyJTIwQ29jaGUlM0MlMkZidXR0b24lM0UlMEElM0MlMkZkaXYlM0UlMEE=[\/vc_raw_html][vc_video link=&#8221;https:\/\/www.youtube.com\/shorts\/vLUYVsS9ov0&#8243; el_aspect=&#8221;916&#8243; css=&#8221;&#8221;][vc_empty_space][\/vc_column][\/vc_row][vc_row full_width=&#8221;stretch_row_content_no_spaces&#8221; css=&#8221;.vc_custom_1719524380086{padding-top: 64px !important;padding-bottom: 64px !important;}&#8221; el_class=&#8221;disable-mobile&#8221;][vc_column][vc_empty_space][vc_custom_heading text=&#8221;Las marcas de coches m\u00e1s populares&#8221; font_container=&#8221;tag:h3|font_size:28px|text_align:center|color:%23ffffff|line_height:34px&#8221; use_theme_fonts=&#8221;yes&#8221; css=&#8221;.vc_custom_1719524796142{margin-bottom: 22px !important;}&#8221;][vc_empty_space height=&#8221;12px&#8221;][vc_basic_grid post_type=&#8221;post&#8221; max_items=&#8221;28&#8243; style=&#8221;pagination&#8221; items_per_page=&#8221;4&#8243; show_filter=&#8221;yes&#8221; element_width=&#8221;3&#8243; filter_style=&#8221;bordered&#8221; filter_default_title=&#8221;Todos&#8221; filter_color=&#8221;white&#8221; filter_size=&#8221;lg&#8221; arrows_design=&#8221;vc_arrow-icon-arrow_01_left&#8221; arrows_color=&#8221;white&#8221; paging_design=&#8221;fill_square_dots&#8221; paging_color=&#8221;white&#8221; item=&#8221;11344&#8243; css=&#8221;&#8221; grid_id=&#8221;vc_gid:1749546874690-01859503-ade4-5&#8243; taxonomies=&#8221;376, 374, 375, 373, 372, 371&#8243; filter_source=&#8221;post_tag&#8221; el_class=&#8221;los-coches-mas-populares&#8221; exclude_filter=&#8221;456, 388, 466, 436, 457, 400, 445, 394, 438, 451, 435, 395, 487, 493, 415, 490, 511, 563, 555, 565, 516, 553, 520, 517, 513, 521, 380, 519, 566, 510, 403, 522, 560, 477, 523, 514, 518, 558, 430, 512, 515, 509, 575, 572, 581, 569, 426, 578, 574, 529, 536, 439, 413, 579, 534, 580, 571, 468, 583, 582, 481, 433, 570, 577, 576, 459, 383, 592, 432, 408, 407, 601, 393, 444, 597, 600, 405, 604, 475, 556, 616, 424, 499&#8243;][\/vc_column][\/vc_row][vc_row full_width=&#8221;stretch_row_content_no_spaces&#8221;][vc_column][stm_recent_video_posts recent_video_title=&#8221;Los videos m\u00e1s recientes&#8221; number_of_posts=&#8221;6&#8243;][\/vc_column][\/vc_row]<\/p>\n<\/div>","protected":false},"excerpt":{"rendered":"<p>[vc_row css=&#8221;.vc_custom_1719525256403{margin-top: 24px !important;margin-bottom: 48px !important;}&#8221;][vc_column][stm_features_posts features_title=&#8221;NOTICIAS DESTACADAS&#8221; posts_per_page=&#8221;7&#8243;][\/stm_features_posts][\/vc_column][\/vc_row][vc_row css=&#8221;.vc_custom_1720514505843{margin-top: 27px !important;margin-bottom: 30px !important;}&#8221;][vc_column width=&#8221;8\/12&#8243;][vc_basic_grid post_type=&#8221;post&#8221; max_items=&#8221;100&#8243; style=&#8221;pagination&#8221; items_per_page=&#8221;7&#8243; show_filter=&#8221;yes&#8221; element_width=&#8221;12&#8243; filter_style=&#8221;default-less-rounded&#8221; filter_default_title=&#8221;Todas las noticias&#8221; filter_align=&#8221;left&#8221; filter_color=&#8221;orange&#8221; paging_design=&#8221;pagination_rounded&#8221; paging_color=&#8221;black&#8221; autoplay=&#8221;0&#8243; item=&#8221;11536&#8243; css=&#8221;&#8221; grid_id=&#8221;vc_gid:1749546874688-f90ec4b8-5c7c-1&#8243; filter_source=&#8221;category&#8221; exclude_filter=&#8221;4, 5, 6, 7, 8, 10, 11, 13, 1, 2, 3, 369, 368&#8243; el_class=&#8221;postcards-noticias-home&#8221;][\/vc_column][vc_column width=&#8221;4\/12&#8243;][vc_wp_search el_class=&#8221;widget-buscador&#8221;][vc_single_image image=&#8221;15740&#8243; img_size=&#8221;full&#8221; alignment=&#8221;center&#8221; onclick=&#8221;custom_link&#8221; img_link_target=&#8221;_blank&#8221;&#8230;<\/p>\n","protected":false},"author":8,"featured_media":0,"parent":0,"menu_order":0,"comment_status":"closed","ping_status":"closed","template":"","meta":{"footnotes":""},"class_list":["post-2636","page","type-page","status-publish","hentry"],"yoast_head":"<!-- This site is optimized with the Yoast SEO Premium plugin v24.8 (Yoast SEO v24.8.1) - https:\/\/yoast.com\/wordpress\/plugins\/seo\/ -->\n<title>\u00daltimas Noticias, Comparativas y Gu\u00edas de Compra de Coches | OcasionPlus<\/title>\n<meta name=\"description\" content=\"Descubre las \u00faltimas noticias del mundo del motor, comparativas, estudios y gu\u00edas de compra de coches de ocasi\u00f3n y segunda mano con OcasionPlus.\" \/>\n<meta name=\"robots\" content=\"index, follow, max-snippet:-1, max-image-preview:large, max-video-preview:-1\" \/>\n<link rel=\"canonical\" href=\"https:\/\/www.ocasionplus.com\/noticias\/\" \/>\n<meta property=\"og:locale\" content=\"es_ES\" \/>\n<meta property=\"og:type\" content=\"article\" \/>\n<meta property=\"og:title\" content=\"Home Page\" \/>\n<meta property=\"og:description\" content=\"Descubre las \u00faltimas noticias del mundo del motor, comparativas, estudios y gu\u00edas de compra de coches de ocasi\u00f3n y segunda mano con OcasionPlus.\" \/>\n<meta property=\"og:url\" content=\"https:\/\/www.ocasionplus.com\/noticias\/\" \/>\n<meta property=\"og:site_name\" content=\"OcasionPlus Blog\" \/>\n<meta property=\"article:publisher\" content=\"https:\/\/www.facebook.com\/ocasionplus\" \/>\n<meta property=\"article:modified_time\" content=\"2025-06-10T09:17:42+00:00\" \/>\n<meta name=\"twitter:card\" content=\"summary_large_image\" \/>\n<meta name=\"twitter:site\" content=\"@ocasionplus\" \/>\n<meta name=\"twitter:label1\" content=\"Tiempo de lectura\" \/>\n\t<meta name=\"twitter:data1\" content=\"2 minutos\" \/>\n<script type=\"application\/ld+json\" class=\"yoast-schema-graph\">{\"@context\":\"https:\/\/schema.org\",\"@graph\":[{\"@type\":\"WebPage\",\"@id\":\"https:\/\/www.ocasionplus.com\/noticias\/\",\"url\":\"https:\/\/www.ocasionplus.com\/noticias\/\",\"name\":\"\u00daltimas Noticias, Comparativas y Gu\u00edas de Compra de Coches | OcasionPlus\",\"isPartOf\":{\"@id\":\"https:\/\/www.ocasionplus.com\/noticias\/#website\"},\"datePublished\":\"2025-06-10T08:34:46+00:00\",\"dateModified\":\"2025-06-10T09:17:42+00:00\",\"description\":\"Descubre las \u00faltimas noticias del mundo del motor, comparativas, estudios y gu\u00edas de compra de coches de ocasi\u00f3n y segunda mano con OcasionPlus.\",\"breadcrumb\":{\"@id\":\"https:\/\/www.ocasionplus.com\/noticias\/#breadcrumb\"},\"inLanguage\":\"es\",\"potentialAction\":[{\"@type\":\"ReadAction\",\"target\":[\"https:\/\/www.ocasionplus.com\/noticias\/\"]}]},{\"@type\":\"BreadcrumbList\",\"@id\":\"https:\/\/www.ocasionplus.com\/noticias\/#breadcrumb\",\"itemListElement\":[{\"@type\":\"ListItem\",\"position\":1,\"name\":\"Portada\",\"item\":\"https:\/\/www.ocasionplus.com\/noticias\/\"},{\"@type\":\"ListItem\",\"position\":2,\"name\":\"Home Page\"}]},{\"@type\":\"WebSite\",\"@id\":\"https:\/\/www.ocasionplus.com\/noticias\/#website\",\"url\":\"https:\/\/www.ocasionplus.com\/noticias\/\",\"name\":\"OcasionPlus Blog\",\"description\":\"Veh\u00edculos de ocasi\u00f3n\",\"publisher\":{\"@id\":\"https:\/\/www.ocasionplus.com\/noticias\/#organization\"},\"potentialAction\":[{\"@type\":\"SearchAction\",\"target\":{\"@type\":\"EntryPoint\",\"urlTemplate\":\"https:\/\/www.ocasionplus.com\/noticias\/?s={search_term_string}\"},\"query-input\":{\"@type\":\"PropertyValueSpecification\",\"valueRequired\":true,\"valueName\":\"search_term_string\"}}],\"inLanguage\":\"es\"},{\"@type\":\"Organization\",\"@id\":\"https:\/\/www.ocasionplus.com\/noticias\/#organization\",\"name\":\"OcasionPlus\",\"url\":\"https:\/\/www.ocasionplus.com\/noticias\/\",\"logo\":{\"@type\":\"ImageObject\",\"inLanguage\":\"es\",\"@id\":\"https:\/\/www.ocasionplus.com\/noticias\/#\/schema\/logo\/image\/\",\"url\":\"https:\/\/www.ocasionplus.com\/wp-content\/uploads\/2024\/05\/cropped-cropped-oplus-logo-blog.png\",\"contentUrl\":\"https:\/\/www.ocasionplus.com\/wp-content\/uploads\/2024\/05\/cropped-cropped-oplus-logo-blog.png\",\"width\":360,\"height\":71,\"caption\":\"OcasionPlus\"},\"image\":{\"@id\":\"https:\/\/www.ocasionplus.com\/noticias\/#\/schema\/logo\/image\/\"},\"sameAs\":[\"https:\/\/www.facebook.com\/ocasionplus\",\"https:\/\/x.com\/ocasionplus\",\"https:\/\/www.instagram.com\/ocasion_plus\",\"https:\/\/www.youtube.com\/channel\/UCBiCAto61Lyu27CgI95wrYQ\",\"https:\/\/www.tiktok.com\/@ocasionplus.com\",\"https:\/\/es.linkedin.com\/company\/ocasionplus\"]}]}<\/script>\n<!-- \/ Yoast SEO Premium plugin. -->","yoast_head_json":{"title":"\u00daltimas Noticias, Comparativas y Gu\u00edas de Compra de Coches | OcasionPlus","description":"Descubre las \u00faltimas noticias del mundo del motor, comparativas, estudios y gu\u00edas de compra de coches de ocasi\u00f3n y segunda mano con OcasionPlus.","robots":{"index":"index","follow":"follow","max-snippet":"max-snippet:-1","max-image-preview":"max-image-preview:large","max-video-preview":"max-video-preview:-1"},"canonical":"https:\/\/www.ocasionplus.com\/noticias\/","og_locale":"es_ES","og_type":"article","og_title":"Home Page","og_description":"Descubre las \u00faltimas noticias del mundo del motor, comparativas, estudios y gu\u00edas de compra de coches de ocasi\u00f3n y segunda mano con OcasionPlus.","og_url":"https:\/\/www.ocasionplus.com\/noticias\/","og_site_name":"OcasionPlus Blog","article_publisher":"https:\/\/www.facebook.com\/ocasionplus","article_modified_time":"2025-06-10T09:17:42+00:00","twitter_card":"summary_large_image","twitter_site":"@ocasionplus","twitter_misc":{"Tiempo de lectura":"2 minutos"},"schema":{"@context":"https:\/\/schema.org","@graph":[{"@type":"WebPage","@id":"https:\/\/www.ocasionplus.com\/noticias\/","url":"https:\/\/www.ocasionplus.com\/noticias\/","name":"\u00daltimas Noticias, Comparativas y Gu\u00edas de Compra de Coches | OcasionPlus","isPartOf":{"@id":"https:\/\/www.ocasionplus.com\/noticias\/#website"},"datePublished":"2025-06-10T08:34:46+00:00","dateModified":"2025-06-10T09:17:42+00:00","description":"Descubre las \u00faltimas noticias del mundo del motor, comparativas, estudios y gu\u00edas de compra de coches de ocasi\u00f3n y segunda mano con OcasionPlus.","breadcrumb":{"@id":"https:\/\/www.ocasionplus.com\/noticias\/#breadcrumb"},"inLanguage":"es","potentialAction":[{"@type":"ReadAction","target":["https:\/\/www.ocasionplus.com\/noticias\/"]}]},{"@type":"BreadcrumbList","@id":"https:\/\/www.ocasionplus.com\/noticias\/#breadcrumb","itemListElement":[{"@type":"ListItem","position":1,"name":"Portada","item":"https:\/\/www.ocasionplus.com\/noticias\/"},{"@type":"ListItem","position":2,"name":"Home Page"}]},{"@type":"WebSite","@id":"https:\/\/www.ocasionplus.com\/noticias\/#website","url":"https:\/\/www.ocasionplus.com\/noticias\/","name":"OcasionPlus Blog","description":"Veh\u00edculos de ocasi\u00f3n","publisher":{"@id":"https:\/\/www.ocasionplus.com\/noticias\/#organization"},"potentialAction":[{"@type":"SearchAction","target":{"@type":"EntryPoint","urlTemplate":"https:\/\/www.ocasionplus.com\/noticias\/?s={search_term_string}"},"query-input":{"@type":"PropertyValueSpecification","valueRequired":true,"valueName":"search_term_string"}}],"inLanguage":"es"},{"@type":"Organization","@id":"https:\/\/www.ocasionplus.com\/noticias\/#organization","name":"OcasionPlus","url":"https:\/\/www.ocasionplus.com\/noticias\/","logo":{"@type":"ImageObject","inLanguage":"es","@id":"https:\/\/www.ocasionplus.com\/noticias\/#\/schema\/logo\/image\/","url":"https:\/\/www.ocasionplus.com\/wp-content\/uploads\/2024\/05\/cropped-cropped-oplus-logo-blog.png","contentUrl":"https:\/\/www.ocasionplus.com\/wp-content\/uploads\/2024\/05\/cropped-cropped-oplus-logo-blog.png","width":360,"height":71,"caption":"OcasionPlus"},"image":{"@id":"https:\/\/www.ocasionplus.com\/noticias\/#\/schema\/logo\/image\/"},"sameAs":["https:\/\/www.facebook.com\/ocasionplus","https:\/\/x.com\/ocasionplus","https:\/\/www.instagram.com\/ocasion_plus","https:\/\/www.youtube.com\/channel\/UCBiCAto61Lyu27CgI95wrYQ","https:\/\/www.tiktok.com\/@ocasionplus.com","https:\/\/es.linkedin.com\/company\/ocasionplus"]}]}},"_links":{"self":[{"href":"https:\/\/www.ocasionplus.com\/noticias\/wp-json\/wp\/v2\/pages\/2636","targetHints":{"allow":["GET"]}}],"collection":[{"href":"https:\/\/www.ocasionplus.com\/noticias\/wp-json\/wp\/v2\/pages"}],"about":[{"href":"https:\/\/www.ocasionplus.com\/noticias\/wp-json\/wp\/v2\/types\/page"}],"author":[{"embeddable":true,"href":"https:\/\/www.ocasionplus.com\/noticias\/wp-json\/wp\/v2\/users\/8"}],"replies":[{"embeddable":true,"href":"https:\/\/www.ocasionplus.com\/noticias\/wp-json\/wp\/v2\/comments?post=2636"}],"version-history":[{"count":201,"href":"https:\/\/www.ocasionplus.com\/noticias\/wp-json\/wp\/v2\/pages\/2636\/revisions"}],"predecessor-version":[{"id":15741,"href":"https:\/\/www.ocasionplus.com\/noticias\/wp-json\/wp\/v2\/pages\/2636\/revisions\/15741"}],"wp:attachment":[{"href":"https:\/\/www.ocasionplus.com\/noticias\/wp-json\/wp\/v2\/media?parent=2636"}],"curies":[{"name":"wp","href":"https:\/\/api.w.org\/{rel}","templated":true}]}}